{"id":34,"date":"2015-06-27T17:42:33","date_gmt":"2015-06-27T15:42:33","guid":{"rendered":"http:\/\/localhost\/?page_id=34"},"modified":"2020-08-23T16:29:45","modified_gmt":"2020-08-23T16:29:45","slug":"kontakt-impressum","status":"publish","type":"page","link":"https:\/\/wunderbuntes.de\/?page_id=34","title":{"rendered":"Kontakt &#038; Impressum"},"content":{"rendered":"<p class=\"paragraph_style\" style=\"text-align: center;\"><span style=\"color: #33cccc;\"><strong>WunderBuntes<\/strong><\/span><br \/>\nChristine Lanzend\u00f6rfer<\/p>\n<p class=\"paragraph_style_2\" style=\"text-align: center;\">Zur Burgwiese 5b<br \/>\n57635 Mehren<\/p>\n<p class=\"paragraph_style_3\" style=\"text-align: center;\">Tel.: +49 2686 &#8211; 89 77 08<br \/>\nE-Mail:&nbsp;<a href=\"mailto:post@wunderbuntes.de\" target=\"_blank\" rel=\"noopener noreferrer\">post(@)wunderbuntes(.)de<\/a><br \/>\n<a href=\"http:\/\/www.wunderbuntes.de\">www.wunderbuntes.de<\/a><\/p>\n<p class=\"paragraph_style_5\" style=\"text-align: center;\"><span style=\"color: #808080;\"><span class=\"style_9\">Umsatzsteuer-Identifikationsnummer gem\u00e4\u00df \u00a727a Umsatzsteuergesetz:&nbsp;<\/span>DE250862737<br \/>\n<\/span><span class=\"style_9\" style=\"color: #808080;\">Inhaltlich Verantwortlicher gem\u00e4\u00df \u00a755 Abs. 2 RStV:&nbsp;Christine Lanzend\u00f6rfer (Anschrift wie oben)<\/span><\/p>\n<p class=\"paragraph_style_6\" style=\"text-align: center;\"><span style=\"color: #808080;\">Copyright f\u00fcr Bild und Text liegt bei WunderBuntes. <\/span><br \/>\n<span style=\"color: #808080;\">Trotz sorgf\u00e4ltiger inhaltlicher Kontrolle \u00fcbernehme ich keine Haftung f\u00fcr die Inhalte externer Links.<br \/>\nF\u00fcr den Inhalt der verlinkten Seiten sind ausschlie\u00dflich deren Betreiber verantwortlich.<\/span><\/p>\n","protected":false},"excerpt":{"rendered":"<p>WunderBuntes Christine Lanzend\u00f6rfer Zur Burgwiese 5b 57635 Mehren Tel.: +49 2686 &#8211; 89 77 08 E-Mail:&nbsp;post(@)wunderbuntes(.)de www.wunderbuntes.de Umsatzsteuer-Identifikationsnummer gem\u00e4\u00df \u00a727a Umsatzsteuergesetz:&nbsp;DE250862737 Inhaltlich Verantwortlicher gem\u00e4\u00df \u00a755 Abs. 2 RStV:&nbsp;Christine Lanzend\u00f6rfer (Anschrift wie oben) Copyright f\u00fcr Bild und Text liegt bei WunderBuntes. Trotz sorgf\u00e4ltiger inhaltlicher Kontrolle \u00fcbernehme ich keine Haftung f\u00fcr die Inhalte externer Links. F\u00fcr den [&hellip;]<\/p>\n","protected":false},"author":1,"featured_media":0,"parent":0,"menu_order":0,"comment_status":"closed","ping_status":"open","template":"","meta":{"footnotes":""},"class_list":["post-34","page","type-page","status-publish","hentry"],"_links":{"self":[{"href":"https:\/\/wunderbuntes.de\/index.php?rest_route=\/wp\/v2\/pages\/34","targetHints":{"allow":["GET"]}}],"collection":[{"href":"https:\/\/wunderbuntes.de\/index.php?rest_route=\/wp\/v2\/pages"}],"about":[{"href":"https:\/\/wunderbuntes.de\/index.php?rest_route=\/wp\/v2\/types\/page"}],"author":[{"embeddable":true,"href":"https:\/\/wunderbuntes.de\/index.php?rest_route=\/wp\/v2\/users\/1"}],"replies":[{"embeddable":true,"href":"https:\/\/wunderbuntes.de\/index.php?rest_route=%2Fwp%2Fv2%2Fcomments&post=34"}],"version-history":[{"count":1,"href":"https:\/\/wunderbuntes.de\/index.php?rest_route=\/wp\/v2\/pages\/34\/revisions"}],"predecessor-version":[{"id":456,"href":"https:\/\/wunderbuntes.de\/index.php?rest_route=\/wp\/v2\/pages\/34\/revisions\/456"}],"wp:attachment":[{"href":"https:\/\/wunderbuntes.de\/index.php?rest_route=%2Fwp%2Fv2%2Fmedia&parent=34"}],"curies":[{"name":"wp","href":"https:\/\/api.w.org\/{rel}","templated":true}]}}