{"id":7,"date":"2015-06-27T11:17:29","date_gmt":"2015-06-27T11:17:29","guid":{"rendered":"http:\/\/localhost\/?page_id=2"},"modified":"2020-08-23T16:28:35","modified_gmt":"2020-08-23T16:28:35","slug":"beispiel-seite","status":"publish","type":"page","link":"https:\/\/wunderbuntes.de\/?page_id=7","title":{"rendered":"\u00dcber mich"},"content":{"rendered":"<p style=\"padding-left: 80px;\"><img loading=\"lazy\" decoding=\"async\" class=\"alignleft  wp-image-396\" src=\"http:\/\/wunderbuntes.de\/wp-content\/uploads\/2020\/07\/Profil_2020.jpg\" alt=\"\" width=\"170\" height=\"695\" srcset=\"https:\/\/wunderbuntes.de\/wp-content\/uploads\/2020\/07\/Profil_2020.jpg 300w, https:\/\/wunderbuntes.de\/wp-content\/uploads\/2020\/07\/Profil_2020-251x1024.jpg 251w\" sizes=\"auto, (max-width: 170px) 100vw, 170px\" \/><\/p>\n<p>Ich lebe als Grafikdesignerin im sch\u00f6nen Westerwald&nbsp;und liebe es kreativ zu sein, <br>zu filzen,&nbsp;zu n\u00e4hen \u2026&nbsp;mit dem Mountainbike die Natur zu genie\u00dfen,&nbsp;<br>Musik zu h\u00f6ren,&nbsp;zu lesen oder auch die B\u00fccher zu h\u00f6ren.<\/p>\n<p class=\"paragraph_style_3\" style=\"text-align: left;\">Ich bin ein sehr positiver Mensch, meistens gut gelaunt und fr\u00f6hlich unterwegs.<br>Ich mag es auf die kleinen Dinge neben mir zu achten &#8230;&nbsp;<br>dann steht dort ein Reh auf der Wiese,&nbsp;hier sitzt ein Bussard dem ich <br>Guten Morgen sagen kann&nbsp;und etwas weiter ist dieser wundersch\u00f6n <br>verschlungen gewachsene Baum &#8230;<\/p>\n<p class=\"paragraph_style_3\" style=\"text-align: left;\"><span class=\"style_4\">Ich mag es Katzen beim schlafen zuzuschauen,<br><\/span>den Duft von frischem Kaffee \u2013 obwohl ich lieber Tee trinke \u2013&nbsp;<br>und anderen Menschen eine Freude zu bereiten.<\/p>\n<p style=\"padding-left: 160px;\">\n<\/p><p class=\"paragraph_style_3\" style=\"text-align: left;\">Mehr von mir:&nbsp;<a href=\"http:\/\/www.grafikmitkunst.de\" target=\"_blank\" rel=\"noopener noreferrer\">www.grafikmitkunst.de<\/a>&nbsp; &nbsp;<br>Instagram:&nbsp;<a style=\"font-size: inherit;\" href=\"http:\/\/www.instagram.com\/misswunderbunt\/\">MissWunderbunt<\/a><\/p>\n\n\n<p><\/p>\n","protected":false},"excerpt":{"rendered":"<p>Ich lebe als Grafikdesignerin im sch\u00f6nen Westerwald&nbsp;und liebe es kreativ zu sein, zu filzen,&nbsp;zu n\u00e4hen \u2026&nbsp;mit dem Mountainbike die Natur zu genie\u00dfen,&nbsp;Musik zu h\u00f6ren,&nbsp;zu lesen oder auch die B\u00fccher zu h\u00f6ren. Ich bin ein sehr positiver Mensch, meistens gut gelaunt und fr\u00f6hlich unterwegs.Ich mag es auf die kleinen Dinge neben mir zu achten &#8230;&nbsp;dann steht [&hellip;]<\/p>\n","protected":false},"author":1,"featured_media":0,"parent":0,"menu_order":0,"comment_status":"closed","ping_status":"open","template":"","meta":{"footnotes":""},"class_list":["post-7","page","type-page","status-publish","hentry"],"_links":{"self":[{"href":"https:\/\/wunderbuntes.de\/index.php?rest_route=\/wp\/v2\/pages\/7","targetHints":{"allow":["GET"]}}],"collection":[{"href":"https:\/\/wunderbuntes.de\/index.php?rest_route=\/wp\/v2\/pages"}],"about":[{"href":"https:\/\/wunderbuntes.de\/index.php?rest_route=\/wp\/v2\/types\/page"}],"author":[{"embeddable":true,"href":"https:\/\/wunderbuntes.de\/index.php?rest_route=\/wp\/v2\/users\/1"}],"replies":[{"embeddable":true,"href":"https:\/\/wunderbuntes.de\/index.php?rest_route=%2Fwp%2Fv2%2Fcomments&post=7"}],"version-history":[{"count":10,"href":"https:\/\/wunderbuntes.de\/index.php?rest_route=\/wp\/v2\/pages\/7\/revisions"}],"predecessor-version":[{"id":454,"href":"https:\/\/wunderbuntes.de\/index.php?rest_route=\/wp\/v2\/pages\/7\/revisions\/454"}],"wp:attachment":[{"href":"https:\/\/wunderbuntes.de\/index.php?rest_route=%2Fwp%2Fv2%2Fmedia&parent=7"}],"curies":[{"name":"wp","href":"https:\/\/api.w.org\/{rel}","templated":true}]}}